{"id":6,"date":"2026-04-04T16:57:47","date_gmt":"2026-04-04T16:57:47","guid":{"rendered":"https:\/\/palmandcactuswellness.com\/?page_id=6"},"modified":"2026-04-13T22:00:56","modified_gmt":"2026-04-13T22:00:56","slug":"cart","status":"publish","type":"page","link":"https:\/\/palmandcactuswellness.com\/es\/cart\/","title":{"rendered":"Carrito"},"content":{"rendered":"<div data-block-name=\"woocommerce\/cart\" class=\"wp-block-woocommerce-cart alignwide is-loading\">\n<div data-block-name=\"woocommerce\/filled-cart-block\" class=\"wp-block-woocommerce-filled-cart-block\">\n<div data-block-name=\"woocommerce\/cart-items-block\" class=\"wp-block-woocommerce-cart-items-block\">\n<div data-block-name=\"woocommerce\/cart-line-items-block\" class=\"wp-block-woocommerce-cart-line-items-block\"><\/div>\n\n\n<\/div>\n\n\n\n\n<div data-block-name=\"woocommerce\/cart-totals-block\" class=\"wp-block-woocommerce-cart-totals-block\">\n<div data-block-name=\"woocommerce\/cart-order-summary-block\" class=\"wp-block-woocommerce-cart-order-summary-block\">\n<div data-block-name=\"woocommerce\/cart-order-summary-heading-block\" class=\"wp-block-woocommerce-cart-order-summary-heading-block\"><\/div><div data-block-name=\"woocommerce\/cart-order-summary-coupon-form-block\" class=\"wp-block-woocommerce-cart-order-summary-coupon-form-block\"><\/div><div data-block-name=\"woocommerce\/cart-order-summary-totals-block\" class=\"wp-block-woocommerce-cart-order-summary-totals-block\">\n<div data-block-name=\"woocommerce\/cart-order-summary-subtotal-block\" class=\"wp-block-woocommerce-cart-order-summary-subtotal-block\"><\/div>\n<div data-block-name=\"woocommerce\/cart-order-summary-discount-block\" class=\"wp-block-woocommerce-cart-order-summary-discount-block\"><\/div>\n<div data-block-name=\"woocommerce\/cart-order-summary-fee-block\" class=\"wp-block-woocommerce-cart-order-summary-fee-block\"><\/div>\n<div data-block-name=\"woocommerce\/cart-order-summary-shipping-block\" class=\"wp-block-woocommerce-cart-order-summary-shipping-block\"><\/div>\n<div data-block-name=\"woocommerce\/cart-order-summary-taxes-block\" class=\"wp-block-woocommerce-cart-order-summary-taxes-block\"><\/div><\/div>\n<\/div>\n\n\n\n<div data-block-name=\"woocommerce\/cart-express-payment-block\" data-button-border-radius=\"4\" data-button-height=\"48\" data-show-button-styles=\"true\" class=\"wp-block-woocommerce-cart-express-payment-block\"><\/div>\n\n\n\n<div data-block-name=\"woocommerce\/proceed-to-checkout-block\" class=\"wp-block-woocommerce-proceed-to-checkout-block\"><\/div>\n\n\n\n<div data-block-name=\"woocommerce\/cart-accepted-payment-methods-block\" class=\"wp-block-woocommerce-cart-accepted-payment-methods-block\"><\/div>\n<\/div>\n<\/div>\n\n\n\n<div data-block-name=\"woocommerce\/empty-cart-block\" class=\"wp-block-woocommerce-empty-cart-block\">\n<h2 class=\"wp-block-heading has-text-align-center with-empty-cart-icon wc-block-cart__empty-cart__title\">Your cart is currently empty!<\/h2>\n\n\n\n<hr class=\"wp-block-separator has-alpha-channel-opacity is-style-dots\"\/>\n\n\n\n<h2 class=\"wp-block-heading has-text-align-center\">New in store<\/h2>\n\n\n<div data-block-name=\"woocommerce\/product-new\" data-columns=\"4\" data-rows=\"1\" class=\"wc-block-grid wp-block-product-new wp-block-woocommerce-product-new wc-block-product-new has-4-columns\"><ul class=\"wc-block-grid__products\"><li class=\"wc-block-grid__product\">\n\t\t\t\t<a href=\"https:\/\/palmandcactuswellness.com\/es\/producto\/cuaderno-de-trabajo-para-la-ansiedad-en-espanol-regulacion-emocional-y-gestion-del-estres\/\" class=\"wc-block-grid__product-link\">\n\t\t\t\t\t\n\t\t\t\t\t<div class=\"wc-block-grid__product-image\"><img loading=\"lazy\" decoding=\"async\" width=\"300\" height=\"300\" src=\"https:\/\/palmandcactuswellness.com\/wp-content\/uploads\/2026\/04\/1-1-300x300.png\" class=\"attachment-woocommerce_thumbnail size-woocommerce_thumbnail\" alt=\"Imagen promocional de un cuaderno de trabajo para la ansiedad en espa\u00f1ol. Cinco p\u00e1ginas del cuaderno \u201cControlando mi ansiedad\u201d est\u00e1n dispuestas sobre un fondo azul suave tipo verde agua. A la derecha, una persona sostiene un iPad mostrando una de las p\u00e1ginas del cuaderno en formato digital. Incluye texto superpuesto que indica \u201c27 p\u00e1ginas principales\u201d. Dise\u00f1o limpio y calmante enfocado en regulaci\u00f3n emocional y gesti\u00f3n del estr\u00e9s.\" srcset=\"https:\/\/palmandcactuswellness.com\/wp-content\/uploads\/2026\/04\/1-1-300x300.png 300w, https:\/\/palmandcactuswellness.com\/wp-content\/uploads\/2026\/04\/1-1-1024x1024.png 1024w, https:\/\/palmandcactuswellness.com\/wp-content\/uploads\/2026\/04\/1-1-150x150.png 150w, https:\/\/palmandcactuswellness.com\/wp-content\/uploads\/2026\/04\/1-1-768x768.png 768w, https:\/\/palmandcactuswellness.com\/wp-content\/uploads\/2026\/04\/1-1-1536x1536.png 1536w, https:\/\/palmandcactuswellness.com\/wp-content\/uploads\/2026\/04\/1-1-2048x2048.png 2048w, https:\/\/palmandcactuswellness.com\/wp-content\/uploads\/2026\/04\/1-1-12x12.png 12w, https:\/\/palmandcactuswellness.com\/wp-content\/uploads\/2026\/04\/1-1-600x600.png 600w, https:\/\/palmandcactuswellness.com\/wp-content\/uploads\/2026\/04\/1-1-100x100.png 100w\" sizes=\"auto, (max-width: 300px) 100vw, 300px\" \/><\/div>\n\t\t\t\t\t<div class=\"wc-block-grid__product-title\">Cuaderno de trabajo para la ansiedad en espa\u00f1ol: regulaci\u00f3n emocional y gesti\u00f3n del estr\u00e9s<\/div>\n\t\t\t\t<\/a>\n\t\t\t\t<div class=\"wc-block-grid__product-price price\"><span class=\"woocommerce-Price-amount amount\">4,72&nbsp;<span class=\"woocommerce-Price-currencySymbol\">&euro;<\/span><\/span><\/div>\n\t\t\t\t\n\t\t\t\t<div class=\"wp-block-button wc-block-grid__product-add-to-cart\"><a href=\"\/es\/wp-json\/wp\/v2\/pages\/6?add-to-cart=249\" aria-label=\"A\u00f1adir al carrito: \u201cCuaderno de trabajo para la ansiedad en espa\u00f1ol: regulaci\u00f3n emocional y gesti\u00f3n del estr\u00e9s\u201d\" data-quantity=\"1\" data-product_id=\"249\" data-product_sku=\"\" data-price=\"4.72\" rel=\"nofollow\" class=\"wp-block-button__link wp-element-button add_to_cart_button ajax_add_to_cart\" data-no-translation=\"\" data-trp-gettext=\"\" data-no-translation-aria-label=\"\">A\u00f1adir al carrito<\/a><\/div>\n\t\t\t<\/li><li class=\"wc-block-grid__product\">\n\t\t\t\t<a href=\"https:\/\/palmandcactuswellness.com\/es\/producto\/anxiety-workbook-for-emotional-regulation-stress-management\/\" class=\"wc-block-grid__product-link\">\n\t\t\t\t\t\n\t\t\t\t\t<div class=\"wc-block-grid__product-image\"><img loading=\"lazy\" decoding=\"async\" width=\"300\" height=\"300\" src=\"https:\/\/palmandcactuswellness.com\/wp-content\/uploads\/2026\/04\/1-300x300.png\" class=\"attachment-woocommerce_thumbnail size-woocommerce_thumbnail\" alt=\"A workbook titled &quot;Controlling My Anxiety&quot; with 27 printable pages. The cover features a tangled line drawing and the text &quot;Understand Your Triggers, Take Back Control.&quot; A tablet displays a page of the workbook titled &quot;What Makes Me Anxious.&quot; showing that the workbook can be printed or filled in on our devices.\" srcset=\"https:\/\/palmandcactuswellness.com\/wp-content\/uploads\/2026\/04\/1-300x300.png 300w, https:\/\/palmandcactuswellness.com\/wp-content\/uploads\/2026\/04\/1-1024x1024.png 1024w, https:\/\/palmandcactuswellness.com\/wp-content\/uploads\/2026\/04\/1-150x150.png 150w, https:\/\/palmandcactuswellness.com\/wp-content\/uploads\/2026\/04\/1-768x768.png 768w, https:\/\/palmandcactuswellness.com\/wp-content\/uploads\/2026\/04\/1-1536x1536.png 1536w, https:\/\/palmandcactuswellness.com\/wp-content\/uploads\/2026\/04\/1-2048x2048.png 2048w, https:\/\/palmandcactuswellness.com\/wp-content\/uploads\/2026\/04\/1-12x12.png 12w, https:\/\/palmandcactuswellness.com\/wp-content\/uploads\/2026\/04\/1-600x600.png 600w, https:\/\/palmandcactuswellness.com\/wp-content\/uploads\/2026\/04\/1-100x100.png 100w\" sizes=\"auto, (max-width: 300px) 100vw, 300px\" \/><\/div>\n\t\t\t\t\t<div class=\"wc-block-grid__product-title\">Anxiety Workbook for Emotional Regulation &amp; Stress Management<\/div>\n\t\t\t\t<\/a>\n\t\t\t\t<div class=\"wc-block-grid__product-price price\"><span class=\"woocommerce-Price-amount amount\">4,72&nbsp;<span class=\"woocommerce-Price-currencySymbol\">&euro;<\/span><\/span><\/div>\n\t\t\t\t\n\t\t\t\t<div class=\"wp-block-button wc-block-grid__product-add-to-cart\"><a href=\"\/es\/wp-json\/wp\/v2\/pages\/6?add-to-cart=217\" aria-label=\"A\u00f1adir al carrito: \u201cAnxiety Workbook for Emotional Regulation &amp; Stress Management\u201d\" data-quantity=\"1\" data-product_id=\"217\" data-product_sku=\"\" data-price=\"4.72\" rel=\"nofollow\" class=\"wp-block-button__link wp-element-button add_to_cart_button ajax_add_to_cart\" data-no-translation=\"\" data-trp-gettext=\"\" data-no-translation-aria-label=\"\">A\u00f1adir al carrito<\/a><\/div>\n\t\t\t<\/li><\/ul><\/div><\/div>\n<\/div>","protected":false},"excerpt":{"rendered":"","protected":false},"author":1,"featured_media":0,"parent":0,"menu_order":0,"comment_status":"closed","ping_status":"closed","template":"","meta":{"footnotes":""},"class_list":["post-6","page","type-page","status-publish","hentry"],"_links":{"self":[{"href":"https:\/\/palmandcactuswellness.com\/es\/wp-json\/wp\/v2\/pages\/6","targetHints":{"allow":["GET"]}}],"collection":[{"href":"https:\/\/palmandcactuswellness.com\/es\/wp-json\/wp\/v2\/pages"}],"about":[{"href":"https:\/\/palmandcactuswellness.com\/es\/wp-json\/wp\/v2\/types\/page"}],"author":[{"embeddable":true,"href":"https:\/\/palmandcactuswellness.com\/es\/wp-json\/wp\/v2\/users\/1"}],"replies":[{"embeddable":true,"href":"https:\/\/palmandcactuswellness.com\/es\/wp-json\/wp\/v2\/comments?post=6"}],"version-history":[{"count":2,"href":"https:\/\/palmandcactuswellness.com\/es\/wp-json\/wp\/v2\/pages\/6\/revisions"}],"predecessor-version":[{"id":231,"href":"https:\/\/palmandcactuswellness.com\/es\/wp-json\/wp\/v2\/pages\/6\/revisions\/231"}],"wp:attachment":[{"href":"https:\/\/palmandcactuswellness.com\/es\/wp-json\/wp\/v2\/media?parent=6"}],"curies":[{"name":"wp","href":"https:\/\/api.w.org\/{rel}","templated":true}]}}