{"id":153,"date":"2026-04-09T23:13:57","date_gmt":"2026-04-09T23:13:57","guid":{"rendered":"https:\/\/palmandcactuswellness.com\/?page_id=153"},"modified":"2026-04-10T13:17:06","modified_gmt":"2026-04-10T13:17:06","slug":"about-palm-cactus","status":"publish","type":"page","link":"https:\/\/palmandcactuswellness.com\/es\/about-palm-cactus\/","title":{"rendered":"Sobre Palm &amp; Cactus"},"content":{"rendered":"<div class=\"wp-block-group alignfull has-background has-global-padding is-layout-constrained wp-container-core-group-is-layout-669513ed wp-block-group-is-layout-constrained\" style=\"background-color:#c5e0dc;margin-top:0;margin-bottom:0;padding-top:var(--wp--preset--spacing--50);padding-right:var(--wp--preset--spacing--50);padding-bottom:var(--wp--preset--spacing--50);padding-left:var(--wp--preset--spacing--50)\">\n<div class=\"wp-block-columns alignwide has-text-color has-link-color wp-elements-eda46fa8c0cb455accc6d1b6c5677dd1 is-layout-flex wp-container-core-columns-is-layout-1da03c2a wp-block-columns-is-layout-flex\" style=\"color:#484848\">\n<div class=\"wp-block-column is-vertically-aligned-stretch is-layout-flow wp-block-column-is-layout-flow\" style=\"flex-basis:50%\">\n<div class=\"wp-block-group is-vertical is-content-justification-stretch is-layout-flex wp-container-core-group-is-layout-444d5ee8 wp-block-group-is-layout-flex\" style=\"min-height:100%\">\n<p class=\"has-heading-font-family has-large-font-size\" style=\"line-height:1.2\">Palm and Cactus naci\u00f3 como un espacio creativo enfocado en el amor propio, el bienestar emocional y herramientas sencillas para gestionar la sobrecarga mental del d\u00eda a d\u00eda.<\/p>\n\n\n\n<p class=\"has-heading-font-family has-large-font-size\" style=\"line-height:1.2\">Empez\u00f3 con diarios, afirmaciones y herramientas imprimibles en ingl\u00e9s y espa\u00f1ol, creadas a partir de experiencias personales con la ansiedad, el sobrepensamiento y la sobrecarga emocional.<\/p>\n\n\n\n<div class=\"wp-block-group has-global-padding is-content-justification-left is-layout-constrained wp-container-core-group-is-layout-9fe8ed88 wp-block-group-is-layout-constrained\">\n<p class=\"has-medium-font-size wp-container-content-0733e5d0\" style=\"padding-top:var(--wp--preset--spacing--20);padding-bottom:var(--wp--preset--spacing--20)\">El dise\u00f1o se convirti\u00f3 en una forma de regulaci\u00f3n emocional para m\u00ed\u2026 una manera de bajar el ritmo mental y reiniciar \u2661<\/p>\n<\/div>\n<\/div>\n<\/div>\n\n\n\n<div class=\"wp-block-column is-vertically-aligned-center is-layout-flow wp-block-column-is-layout-flow\" style=\"flex-basis:50%\">\n<figure class=\"wp-block-image size-large is-style-rounded is-style-rounded--1\"><img loading=\"lazy\" decoding=\"async\" width=\"819\" height=\"1024\" src=\"https:\/\/palmandcactuswellness.com\/wp-content\/uploads\/2026\/04\/PalmAndCactus-Logo-2-819x1024.png\" alt=\"\" class=\"wp-image-156\" style=\"aspect-ratio:3\/4;object-fit:cover\" srcset=\"https:\/\/palmandcactuswellness.com\/wp-content\/uploads\/2026\/04\/PalmAndCactus-Logo-2-819x1024.png 819w, https:\/\/palmandcactuswellness.com\/wp-content\/uploads\/2026\/04\/PalmAndCactus-Logo-2-240x300.png 240w, https:\/\/palmandcactuswellness.com\/wp-content\/uploads\/2026\/04\/PalmAndCactus-Logo-2-768x960.png 768w, https:\/\/palmandcactuswellness.com\/wp-content\/uploads\/2026\/04\/PalmAndCactus-Logo-2-10x12.png 10w, https:\/\/palmandcactuswellness.com\/wp-content\/uploads\/2026\/04\/PalmAndCactus-Logo-2-600x750.png 600w, https:\/\/palmandcactuswellness.com\/wp-content\/uploads\/2026\/04\/PalmAndCactus-Logo-2.png 1080w\" sizes=\"auto, (max-width: 819px) 100vw, 819px\" \/><\/figure>\n<\/div>\n<\/div>\n<\/div>\n\n\n\n<div class=\"wp-block-group alignfull has-base-background-color has-text-color has-background has-link-color wp-elements-03e43b74d69ba4ff4cfbc11ba56300df is-nowrap is-layout-flex wp-container-core-group-is-layout-560e8266 wp-block-group-is-layout-flex\" style=\"color:#484848;margin-top:0;margin-bottom:0;padding-top:var(--wp--preset--spacing--50);padding-right:var(--wp--preset--spacing--50);padding-bottom:var(--wp--preset--spacing--50);padding-left:var(--wp--preset--spacing--50)\">\n<div class=\"wp-block-columns is-layout-flex wp-container-core-columns-is-layout-fef0e728 wp-block-columns-is-layout-flex\">\n<div class=\"wp-block-column is-vertically-aligned-stretch is-layout-flow wp-container-core-column-is-layout-119bc444 wp-block-column-is-layout-flow\" style=\"flex-basis:60%\">\n<p class=\"has-heading-font-family has-x-large-font-size\" style=\"line-height:1.2\">Con el tiempo, mi enfoque se ampli\u00f3 hacia la salud en la mediana edad, especialmente la menopausia y los cambios emocionales y f\u00edsicos asociados.<\/p>\n\n\n\n<div class=\"wp-block-columns is-layout-flex wp-container-core-columns-is-layout-87beb0d0 wp-block-columns-is-layout-flex\">\n<div class=\"wp-block-column is-layout-flow wp-block-column-is-layout-flow\">\n<p class=\"wp-container-content-9cfa9a5a\">Esto me llev\u00f3 a formarme como coach de bienestar en la menopausia, adem\u00e1s de ampliar mis estudios en nutrici\u00f3n y mi experiencia previa en fitness.<\/p>\n\n\n\n<p>Soy entrenadora de fitness certificada y acreditada por WABBA, con m\u00e1s de 25 a\u00f1os de experiencia en entrenamiento y acondicionamiento f\u00edsico.<\/p>\n<\/div>\n<\/div>\n<\/div>\n<\/div>\n<\/div>\n\n\n\n<div class=\"wp-block-group alignfull has-text-color has-background has-link-color wp-elements-45dedfb26030388aca0b2f741c61024d has-global-padding is-layout-constrained wp-container-core-group-is-layout-d89aad35 wp-block-group-is-layout-constrained\" style=\"color:#484848;background-color:#c5e0dc;margin-top:0;margin-bottom:0;padding-top:var(--wp--preset--spacing--50);padding-right:var(--wp--preset--spacing--50);padding-bottom:var(--wp--preset--spacing--50);padding-left:var(--wp--preset--spacing--50)\">\n<div class=\"wp-block-columns alignwide is-layout-flex wp-container-core-columns-is-layout-1da03c2a wp-block-columns-is-layout-flex\">\n<div class=\"wp-block-column is-vertically-aligned-center is-layout-flow wp-block-column-is-layout-flow\" style=\"flex-basis:60%\">\n<figure class=\"wp-block-image size-full is-style-rounded wp-duotone-unset-3 is-style-rounded--2\"><img loading=\"lazy\" decoding=\"async\" width=\"2560\" height=\"2048\" src=\"https:\/\/palmandcactuswellness.com\/wp-content\/uploads\/2026\/04\/Untitled-design-26-scaled.png\" alt=\"\" class=\"wp-image-165\" style=\"aspect-ratio:4\/3;object-fit:cover\" srcset=\"https:\/\/palmandcactuswellness.com\/wp-content\/uploads\/2026\/04\/Untitled-design-26-scaled.png 2560w, https:\/\/palmandcactuswellness.com\/wp-content\/uploads\/2026\/04\/Untitled-design-26-300x240.png 300w, https:\/\/palmandcactuswellness.com\/wp-content\/uploads\/2026\/04\/Untitled-design-26-1024x819.png 1024w, https:\/\/palmandcactuswellness.com\/wp-content\/uploads\/2026\/04\/Untitled-design-26-768x614.png 768w, https:\/\/palmandcactuswellness.com\/wp-content\/uploads\/2026\/04\/Untitled-design-26-1536x1229.png 1536w, https:\/\/palmandcactuswellness.com\/wp-content\/uploads\/2026\/04\/Untitled-design-26-2048x1638.png 2048w, https:\/\/palmandcactuswellness.com\/wp-content\/uploads\/2026\/04\/Untitled-design-26-15x12.png 15w, https:\/\/palmandcactuswellness.com\/wp-content\/uploads\/2026\/04\/Untitled-design-26-600x480.png 600w\" sizes=\"auto, (max-width: 2560px) 100vw, 2560px\" \/><\/figure>\n<\/div>\n\n\n\n<div class=\"wp-block-column is-layout-flow wp-block-column-is-layout-flow\" style=\"flex-basis:40%\">\n<p>Palm and Cactus Wellness es la rama de bienestar de Palm and Cactus Co \u2014 que integra el bienestar en la mediana edad, el apoyo en la menopausia, herramientas de regulaci\u00f3n emocional y gu\u00edas pr\u00e1cticas de fitness y nutrici\u00f3n.<\/p>\n\n\n\n<p>Aqu\u00ed encontrar\u00e1s:<\/p>\n\n\n\n<ul class=\"wp-block-list\">\n<li>Gu\u00eda pr\u00e1ctica de fitness y nutrici\u00f3n<\/li>\n\n\n\n<li>Herramientas y recursos para el equilibrio emocional<\/li>\n\n\n\n<li>Enlaces a recursos imprimibles de bienestar en Etsy<\/li>\n<\/ul>\n\n\n\n<div class=\"wp-block-buttons is-layout-flex wp-block-buttons-is-layout-flex\">\n<div class=\"wp-block-button\"><a class=\"wp-block-button__link has-accent-4-color has-text-color has-link-color wp-element-button\" href=\"https:\/\/palmandcactusco.etsy.com\">Tienda<\/a><\/div>\n<\/div>\n<\/div>\n<\/div>\n<\/div>","protected":false},"excerpt":{"rendered":"<p>Palm and Cactus began as a creative space focused on self-love, emotional wellbeing, and simple tools for everyday mental overload. It started with journals, affirmations, and printable tools in both English and Spanish \u2014 designed around personal struggles with anxiety, overthinking, and emotional overwhelm. Design became a form of emotional regulation for me&#8230;a way to [&hellip;]<\/p>\n","protected":false},"author":1,"featured_media":0,"parent":0,"menu_order":0,"comment_status":"closed","ping_status":"closed","template":"","meta":{"footnotes":""},"class_list":["post-153","page","type-page","status-publish","hentry"],"_links":{"self":[{"href":"https:\/\/palmandcactuswellness.com\/es\/wp-json\/wp\/v2\/pages\/153","targetHints":{"allow":["GET"]}}],"collection":[{"href":"https:\/\/palmandcactuswellness.com\/es\/wp-json\/wp\/v2\/pages"}],"about":[{"href":"https:\/\/palmandcactuswellness.com\/es\/wp-json\/wp\/v2\/types\/page"}],"author":[{"embeddable":true,"href":"https:\/\/palmandcactuswellness.com\/es\/wp-json\/wp\/v2\/users\/1"}],"replies":[{"embeddable":true,"href":"https:\/\/palmandcactuswellness.com\/es\/wp-json\/wp\/v2\/comments?post=153"}],"version-history":[{"count":5,"href":"https:\/\/palmandcactuswellness.com\/es\/wp-json\/wp\/v2\/pages\/153\/revisions"}],"predecessor-version":[{"id":187,"href":"https:\/\/palmandcactuswellness.com\/es\/wp-json\/wp\/v2\/pages\/153\/revisions\/187"}],"wp:attachment":[{"href":"https:\/\/palmandcactuswellness.com\/es\/wp-json\/wp\/v2\/media?parent=153"}],"curies":[{"name":"wp","href":"https:\/\/api.w.org\/{rel}","templated":true}]}}